{"id":23401,"date":"2018-07-31T17:46:48","date_gmt":"2018-07-31T17:46:48","guid":{"rendered":"http:\/\/jobster.local\/privacy-policy-2\/"},"modified":"2022-04-28T13:41:31","modified_gmt":"2022-04-28T13:41:31","slug":"privacy-policy","status":"publish","type":"page","link":"https:\/\/nyamga.com\/fr\/privacy-policy\/","title":{"rendered":"Politique de confidentialit\u00e9"},"content":{"rendered":"<style>#kt-layout-id_d0da68-21{margin-top:0px;margin-bottom:0px;}#kt-layout-id_d0da68-21 > .kt-row-column-wrap{align-content:center;}:where(#kt-layout-id_d0da68-21 > .kt-row-column-wrap) > .wp-block-kadence-column{justify-content:center;}#kt-layout-id_d0da68-21 > .kt-row-column-wrap{column-gap:var(--global-kb-gap-md, 2rem);row-gap:var(--global-kb-gap-md, 2rem);padding-top:var( --global-kb-row-default-top, 25px );padding-bottom:var( --global-kb-row-default-bottom, 25px );padding-top:0px;padding-bottom:0px;padding-left:0px;padding-right:0px;grid-template-columns:minmax(0, 1fr);}#kt-layout-id_d0da68-21 > .kt-row-layout-overlay{opacity:0.30;}#kt-layout-id_d0da68-21 > .kt-row-column-wrap{z-index:99;position:relative;}@media all and (max-width: 1024px){#kt-layout-id_d0da68-21 > .kt-row-column-wrap{grid-template-columns:minmax(0, 1fr);}}@media all and (max-width: 767px){#kt-layout-id_d0da68-21 > .kt-row-column-wrap{grid-template-columns:minmax(0, 1fr);}}<\/style>\n<div class=\"wp-block-kadence-rowlayout alignwide\"><div id=\"kt-layout-id_d0da68-21\" class=\"kt-row-layout-inner kt-layout-id_d0da68-21\"><div class=\"kt-row-column-wrap kt-has-1-columns kt-gutter-default kt-v-gutter-default kt-row-valign-middle kt-row-layout-equal kt-tab-layout-inherit kt-m-colapse-left-to-right kt-mobile-layout-row\"><style>.kadence-column_ae0d3a-46 > .kt-inside-inner-col{padding-top:0px;padding-bottom:0px;padding-left:0px;padding-right:0px;}.kadence-column_ae0d3a-46 > .kt-inside-inner-col{border-top-width:0px;border-right-width:0px;border-bottom-width:0px;border-left-width:0px;}.kadence-column_ae0d3a-46 > .kt-inside-inner-col,.kadence-column_ae0d3a-46 > .kt-inside-inner-col:before{border-top-left-radius:0px;border-top-right-radius:0px;border-bottom-right-radius:0px;border-bottom-left-radius:0px;}.kadence-column_ae0d3a-46 > .kt-inside-inner-col{column-gap:var(--global-kb-gap-sm, 1rem);}.kadence-column_ae0d3a-46 > .kt-inside-inner-col{flex-direction:column;}.kadence-column_ae0d3a-46 > .kt-inside-inner-col > .aligncenter{width:100%;}.kadence-column_ae0d3a-46 > .kt-inside-inner-col:before{opacity:0.3;}.kadence-column_ae0d3a-46{position:relative;}.wp-block-kadence-column.kadence-column_ae0d3a-46 > .kt-inside-inner-col{margin-top:0px;margin-bottom:0px;margin-right:0px;margin-left:0px;}@media all and (max-width: 1024px){.kadence-column_ae0d3a-46 > .kt-inside-inner-col{flex-direction:column;justify-content:center;}}@media all and (max-width: 767px){.kadence-column_ae0d3a-46 > .kt-inside-inner-col{flex-direction:column;justify-content:center;}}<\/style>\n<div class=\"wp-block-kadence-column inner-column-1 kadence-column_ae0d3a-46\"><div class=\"kt-inside-inner-col\"><style>.wp-block-kadence-advancedheading.kt-adv-heading_fdf79d-37, .wp-block-kadence-advancedheading.kt-adv-heading_fdf79d-37[data-kb-block=\"kb-adv-heading_fdf79d-37\"]{font-style:normal;}.wp-block-kadence-advancedheading.kt-adv-heading_fdf79d-37 mark.kt-highlight, .wp-block-kadence-advancedheading.kt-adv-heading_fdf79d-37[data-kb-block=\"kb-adv-heading_fdf79d-37\"] mark.kt-highlight{font-style:normal;color:#f76a0c;-webkit-box-decoration-break:clone;box-decoration-break:clone;padding-top:0px;padding-right:0px;padding-bottom:0px;padding-left:0px;}.wp-block-kadence-advancedheading.kt-adv-heading_fdf79d-37 img.kb-inline-image, .wp-block-kadence-advancedheading.kt-adv-heading_fdf79d-37[data-kb-block=\"kb-adv-heading_fdf79d-37\"] img.kb-inline-image{width:150px;vertical-align:baseline;}<\/style>\n<h1 class=\"kt-adv-heading_fdf79d-37 wp-block-kadence-advancedheading\" data-kb-block=\"kb-adv-heading_fdf79d-37\">Politique de confidentialit\u00e9<\/h1>\n<\/div><\/div>\n<\/div><\/div><\/div>\n\n\n\n<p><strong>1. Introduction<\/strong><\/p>\n\n\n\n<p>Merci d&#039;avoir visit\u00e9 Nyamga et, le cas \u00e9ch\u00e9ant, d&#039;avoir choisi d&#039;utiliser notre service. Nous nous effor\u00e7ons de rendre notre politique de confidentialit\u00e9 facile \u00e0 comprendre afin que vous sachiez comment nous utilisons vos informations. Cette politique de confidentialit\u00e9, comme nos conditions d&#039;utilisation, fait partie de l&#039;utilisation de notre service, vous devez donc accepter notre politique de confidentialit\u00e9 dans son int\u00e9gralit\u00e9 afin d&#039;utiliser notre site ou service. Si vous avez moins de 18 ans, veuillez cesser imm\u00e9diatement d&#039;utiliser notre service.<\/p>\n\n\n\n<p><strong>2. Informations collect\u00e9es<\/strong><\/p>\n\n\n\n<p>Aucune information ne vous sera demand\u00e9e lors de votre visite sur notre site. Lors de la cr\u00e9ation d&#039;un compte, nous pouvons collecter votre nom, votre adresse e-mail, votre adresse et votre pays d&#039;origine. Lors d&#039;un achat ou d&#039;une offre sur Nyamga, vous devrez soumettre des informations \u00e0 des processeurs de paiement tiers. Nous ne collecterons aucune de vos informations de paiement\u00a0; ces informations ne seront collect\u00e9es et stock\u00e9es que par nos sous-traitants tiers.<\/p>\n\n\n\n<p>Informations non identifiables<\/p>\n\n\n\n<p>Chaque fois que vous visitez notre site, nous pouvons collecter des informations non identifiables \u00e0 votre sujet, telles que votre adresse IP, vos interactions avec le site et le service, l&#039;URL de r\u00e9f\u00e9rence, le navigateur, le syst\u00e8me d&#039;exploitation, les informations sur les cookies, l&#039;utilisation, les donn\u00e9es transf\u00e9r\u00e9es et le fournisseur de services Internet. Sans assignation \u00e0 compara\u00eetre, conformit\u00e9 volontaire de votre fournisseur de services Internet ou enregistrements suppl\u00e9mentaires d&#039;un tiers tel que votre fournisseur de t\u00e9l\u00e9phonie mobile, ces informations ne peuvent g\u00e9n\u00e9ralement pas \u00eatre utilis\u00e9es seules pour vous identifier.<\/p>\n\n\n\n<p><strong>3. Utilisation de vos informations<\/strong><\/p>\n\n\n\n<p>Nous ne vendrons, transf\u00e9rerons ou donnerons jamais vos informations \u00e0 un tiers sans votre permission. Cependant, vous acceptez que nous puissions utiliser vos informations<\/p>\n\n\n\n<p>Am\u00e9liorer l'exp\u00e9rience de nos utilisateurs.<br>Pour vous fournir notre service.<br>Pour vous contacter et r\u00e9pondre \u00e0 vos demandes.<br>Pour traiter les transactions.<br>Pour cr\u00e9er un compte et utiliser notre service.<\/p>\n\n\n\n<p>En outre, nous pouvons divulguer vos informations aux autorit\u00e9s charg\u00e9es de l&#039;application de la loi si nous sommes tenus de le faire par une ordonnance du tribunal, s&#039;il y a eu une violation de la loi am\u00e9ricaine, de la loi europ\u00e9enne ou s&#039;il y a eu une violation des conditions d&#039;utilisation ou Politique de confidentialit\u00e9.<\/p>\n\n\n\n<p><strong>4. Acc\u00e8s, modification et suppression de vos informations<\/strong><\/p>\n\n\n\n<p>Apr\u00e8s avoir cr\u00e9\u00e9 un compte, vous pouvez \u00eatre en mesure de modifier et\/ou de supprimer les informations soumises en contactant le service d'assistance. Toutefois, vous ne pourrez pas refuser nos pratiques en mati\u00e8re de collecte de donn\u00e9es. Si vous souhaitez que vos informations soient supprim\u00e9es de notre base de donn\u00e9es, veuillez nous contacter. Nous nous effor\u00e7ons g\u00e9n\u00e9ralement de supprimer notre base de donn\u00e9es d'informations sur les utilisateurs \u00e0 intervalles r\u00e9guliers, mais nous ne pouvons pas garantir que vos informations ont \u00e9t\u00e9 ou seront supprim\u00e9es imm\u00e9diatement. Bien que certains changements puissent se produire imm\u00e9diatement, les informations peuvent encore \u00eatre stock\u00e9es dans la m\u00e9moire cache d'un navigateur web. Nous ne sommes pas responsables des informations stock\u00e9es dans votre cache ou dans d'autres dispositifs susceptibles de stocker des informations, et nous d\u00e9clinons toute responsabilit\u00e9 \u00e0 cet \u00e9gard.<\/p>\n\n\n\n<p><strong>5. Cookies<\/strong><\/p>\n\n\n\n<p>Nous utilisons des cookies pour enregistrer vos pr\u00e9f\u00e9rences et stocker votre panier. Pour cette raison, vous devez activer les cookies dans votre navigateur pour utiliser notre site et nos services. De plus, certains ou tous nos cookies peuvent \u00eatre accessibles par des tiers.<\/p>\n\n\n\n<p><strong>6. Acc\u00e8s de tiers \u00e0 vos informations<\/strong><\/p>\n\n\n\n<p>Bien que vous ayez conclu un accord avec Nyamga pour nous divulguer vos informations, nous utilisons des personnes et des organisations tierces pour nous aider, y compris des sous-traitants, des h\u00e9bergeurs Web et autres. Dans le cadre de la fourniture de nos services, nous pouvons d\u00e9l\u00e9guer notre autorit\u00e9 pour collecter, acc\u00e9der, utiliser et divulguer vos informations. Par exemple, lorsque vous nous soumettez un formulaire contenant des informations personnellement identifiables, ces informations seront diffus\u00e9es ou transmises par notre service \u00e0 votre organisme local d&#039;application de la loi. Il est donc n\u00e9cessaire que vous accordiez aux tiers que nous pouvons utiliser dans le cadre de nos activit\u00e9s les m\u00eames droits que vous nous accordez en vertu de la pr\u00e9sente politique de confidentialit\u00e9. Pour cette raison, vous acceptez par la pr\u00e9sente que pour chaque autorisation que vous nous accordez dans cette politique de confidentialit\u00e9, vous accordez \u00e9galement \u00e0 tout tiers que nous pouvons engager, contracter avec ou autrement conserver dans le but d&#039;exploiter, de maintenir, de r\u00e9parer ou d&#039;am\u00e9liorer ou de pr\u00e9server autrement notre site Web ou ses fichiers ou syst\u00e8mes sous-jacents. Vous convenez que vous ne nous tiendrez pas responsables des actions de ces tiers, m\u00eame si nous serions normalement tenus responsables de leurs actions, et que vous devez les poursuivre directement s&#039;ils commettent un d\u00e9lit ou d&#039;autres actes r\u00e9pr\u00e9hensibles \u00e0 votre encontre. Ce qui suit est une liste non exhaustive d&#039;autres entit\u00e9s auxquelles nous pouvons stocker, partager ou transf\u00e9rer vos informations avec des processeurs de paiement tiers. et que vous devez les poursuivre directement s&#039;ils commettent un d\u00e9lit ou un autre acte r\u00e9pr\u00e9hensible \u00e0 votre encontre. Ce qui suit est une liste non exhaustive d&#039;autres entit\u00e9s auxquelles nous pouvons stocker, partager ou transf\u00e9rer vos informations avec des processeurs de paiement tiers. et que vous devez les poursuivre directement s&#039;ils commettent un d\u00e9lit ou un autre acte r\u00e9pr\u00e9hensible \u00e0 votre encontre. Ce qui suit est une liste non exhaustive d&#039;autres entit\u00e9s auxquelles nous pouvons stocker, partager ou transf\u00e9rer vos informations avec des processeurs de paiement tiers.<\/p>\n\n\n\n<p><strong>7. Application de la loi<\/strong><\/p>\n\n\n\n<p>Vous acceptez que nous puissions divulguer vos informations aux autorit\u00e9s si nous sommes tenus de le faire par une ordonnance du tribunal. En outre, vous acceptez que nous puissions divulguer vos informations si nous avons des raisons de croire que vous avez enfreint une loi am\u00e9ricaine ou les termes de nos conditions d&#039;utilisation ou de notre politique de confidentialit\u00e9 ou si nous pensons qu&#039;un tiers risque de subir des dommages physiques. Dans le cas o\u00f9 nous recevons une assignation \u00e0 compara\u00eetre affectant votre vie priv\u00e9e, nous pouvons choisir de vous informer pour vous donner la possibilit\u00e9 de d\u00e9poser une requ\u00eate en annulation de l&#039;assignation, ou nous pouvons tenter d&#039;annuler l&#039;assignation nous-m\u00eames, mais nous ne sommes pas oblig\u00e9s de faire non plus . Nous pouvons \u00e9galement signaler et divulguer de mani\u00e8re proactive vos informations sans recevoir de demande \u00e0 des tiers lorsque nous pensons qu&#039;il est appropri\u00e9 de le faire pour des raisons l\u00e9gales, comme dans les cas o\u00f9 nous pensons que vos publications violent une loi des \u00c9tats-Unis ou de tout autre pays ayant juridiction sur nous, notre site, nos services ou nos conditions d&#039;utilisation. Vous nous d\u00e9gagez de tout dommage pouvant r\u00e9sulter de ou li\u00e9 \u00e0 la divulgation de vos informations \u00e0 la demande des forces de l&#039;ordre ou de parties priv\u00e9es. Nous pouvons divulguer vos informations comme d\u00e9crit dans ce paragraphe \u00e0 des individus ou entit\u00e9s et \u00e0 toute autorit\u00e9 \u00e9tatique ou f\u00e9d\u00e9rale aux \u00c9tats-Unis ou ailleurs.<\/p>\n\n\n\n<p><strong>8. Communications commerciales et non commerciales<\/strong><\/p>\n\n\n\n<p>En fournissant au site des informations qui constituent la base de la communication avec vous, telles que vos coordonn\u00e9es, vous renoncez \u00e0 tout droit de vous plaindre d&#039;e-mails non sollicit\u00e9s de notre part, puisque vous avez accept\u00e9 cette communication en nous fournissant vos informations. Cependant, vous pouvez vous d\u00e9sabonner de certaines communications en notifiant \u00e0 Nyamga que vous ne souhaitez plus recevoir de sollicitations ou d&#039;informations et nous nous efforcerons de vous supprimer de notre base de donn\u00e9es lorsque vous avez le droit de le demander en vertu de notre accord, de notre politique de confidentialit\u00e9 ou de la loi applicable, ou lorsque nous d\u00e9cidons volontairement de nous conformer \u00e0 une telle demande.<\/p>\n\n\n\n<p><strong>9. Tiers<\/strong><\/p>\n\n\n\n<p>Nyamga peut publier des liens sur son site ou service vers des sites Web tiers, qui peuvent contenir des informations sur lesquelles nous n&#039;avons aucun contr\u00f4le. Lorsque vous acc\u00e9dez \u00e0 un site tiers via notre site ou service, vous reconnaissez que vous \u00eates conscient que ces sites tiers ne sont pas soumis \u00e0 nos contr\u00f4les de confidentialit\u00e9 ou de s\u00e9curit\u00e9, et vous nous d\u00e9gagez de toute responsabilit\u00e9 quant \u00e0 la conduite de ces sites tiers.<\/p>\n\n\n\n<p>Veuillez noter que cette politique de confidentialit\u00e9 et toute autre politique en place, telle que modifi\u00e9e de temps \u00e0 autre, ne cr\u00e9ent aucun droit opposable \u00e0 des tiers. Nyamga n&#039;est pas responsable des informations collect\u00e9es ou utilis\u00e9es par tout annonceur ou site Web tiers. Vous devriez consulter leurs conditions d&#039;utilisation et leur politique de confidentialit\u00e9 pour comprendre comment fonctionnent leurs pratiques de collecte d&#039;informations.<\/p>\n\n\n\n<p><strong>10. Mesures de s\u00e9curit\u00e9<\/strong><\/p>\n\n\n\n<p>Nous utilisons des certificats SSL et des analyses de vuln\u00e9rabilit\u00e9 pour am\u00e9liorer la s\u00e9curit\u00e9 de notre site et de nos services. Cependant, nous ne garantissons pas la s\u00e9curit\u00e9 ou la confidentialit\u00e9 de vos informations. Il est dans notre int\u00e9r\u00eat de maintenir la s\u00e9curit\u00e9 de notre site Web, mais nous vous recommandons d&#039;utiliser un logiciel antivirus, des v\u00e9rifications de cr\u00e9dit de routine, des pare-feu et d&#039;autres pr\u00e9cautions pour vous prot\u00e9ger contre les menaces \u00e0 la s\u00e9curit\u00e9 et \u00e0 la confidentialit\u00e9.<\/p>\n\n\n\n<p><strong>11. Conformit\u00e9 \u00e0 l&#039;\u00e2ge<\/strong><\/p>\n\n\n\n<p>Nous avons l&#039;intention de nous conformer pleinement \u00e0 la COPPA et aux lois internationales concernant la vie priv\u00e9e des enfants. Par cons\u00e9quent, nous ne collectons ni ne traitons les informations des personnes de moins de 18 ans. Si vous avez moins de 18 ans et que vous utilisez notre site ou service, veuillez arr\u00eater imm\u00e9diatement et ne nous soumettez aucune information.<\/p>\n\n\n\n<p><strong>12. Transfert international<\/strong><\/p>\n\n\n\n<p>Vos informations peuvent \u00eatre transf\u00e9r\u00e9es et stock\u00e9es sur des ordinateurs situ\u00e9s en dehors de votre \u00c9tat, province, pays ou autre juridiction gouvernementale o\u00f9 les lois sur la protection de la vie priv\u00e9e peuvent ne pas \u00eatre aussi protectrices que celles de votre juridiction. Nous pouvons transf\u00e9rer des informations personnelles aux \u00c9tats-Unis ou ailleurs et les traiter dans ce pays. Votre consentement \u00e0 la pr\u00e9sente politique de protection de la vie priv\u00e9e, suivi de la soumission de ces informations, repr\u00e9sente votre accord \u00e0 ce transfert.<\/p>\n\n\n\n<p><strong>13. Modifications<\/strong><\/p>\n\n\n\n<p>Like our Terms of Service, we may change this Privacy Policy from time to time. When we change this Privacy Policy, we will place a notice on our site or we may contact you. You must agree to the changes in order to continue using our site and service. If you do not agree, you must immediately stop using our site and service and inform us of your refusal to accept by sending an email to <span \n                data-original-string='6qFwQw+j3YJc7yp3T8byOA==564HiXVcXyIi85VU9w3Ia03DqEzGKpr9gcKKcmKWfoQ+qc='\n                class='apbct-email-encoder'\n                title='This contact has been encoded by Anti-Spam by CleanTalk. Click to decode. To finish the decoding make sure that JavaScript is enabled in your browser.'>su<span class=\"apbct-blur\">*****<\/span>@<span class=\"apbct-blur\">****<\/span>ga.com<\/span>.<\/p>\n\n\n<style>.wp-block-kadence-spacer.kt-block-spacer-_d1a175-53 .kt-block-spacer{height:30px;}.wp-block-kadence-spacer.kt-block-spacer-_d1a175-53 .kt-divider{border-top-width:1px;height:1px;border-top-color:#eee;width:80%;border-top-style:solid;}<\/style>\n<div class=\"wp-block-kadence-spacer alignwide kt-block-spacer-_d1a175-53\"><div class=\"kt-block-spacer kt-block-spacer-halign-center\"><\/div><\/div>\n\n\n<style>#kt-layout-id_e53231-27{margin-top:0px;margin-bottom:0px;}#kt-layout-id_e53231-27 > .kt-row-column-wrap{align-content:start;}:where(#kt-layout-id_e53231-27 > .kt-row-column-wrap) > .wp-block-kadence-column{justify-content:start;}#kt-layout-id_e53231-27 > .kt-row-column-wrap{column-gap:var(--global-kb-gap-md, 2rem);row-gap:var(--global-kb-gap-md, 2rem);padding-top:var( --global-kb-row-default-top, 25px );padding-bottom:var( --global-kb-row-default-bottom, 25px );padding-top:0px;padding-bottom:0px;padding-left:0px;padding-right:0px;grid-template-columns:minmax(0, 1fr);}#kt-layout-id_e53231-27{border-top-width:0px;border-right-width:0px;border-bottom-width:0px;border-left-width:0px;}#kt-layout-id_e53231-27 > .kt-row-layout-overlay{opacity:0.30;}@media all and (max-width: 1024px){#kt-layout-id_e53231-27 > .kt-row-column-wrap{grid-template-columns:minmax(0, 1fr);}}@media all and (max-width: 767px){#kt-layout-id_e53231-27 > .kt-row-column-wrap{grid-template-columns:minmax(0, 1fr);}}<\/style>\n<div class=\"wp-block-kadence-rowlayout alignwide\"><div id=\"kt-layout-id_e53231-27\" class=\"kt-row-layout-inner kt-layout-id_e53231-27\"><div class=\"kt-row-column-wrap kt-has-1-columns kt-gutter-default kt-v-gutter-default kt-row-valign-top kt-row-layout-equal kt-tab-layout-inherit kt-m-colapse-left-to-right kt-mobile-layout-row\"><style>.kadence-column_a4d796-73 > .kt-inside-inner-col{border-top-width:0px;border-right-width:0px;border-bottom-width:0px;border-left-width:0px;}.kadence-column_a4d796-73 > .kt-inside-inner-col,.kadence-column_a4d796-73 > .kt-inside-inner-col:before{border-top-left-radius:0px;border-top-right-radius:0px;border-bottom-right-radius:0px;border-bottom-left-radius:0px;}.kadence-column_a4d796-73 > .kt-inside-inner-col{column-gap:var(--global-kb-gap-sm, 1rem);}.kadence-column_a4d796-73 > .kt-inside-inner-col{flex-direction:column;}.kadence-column_a4d796-73 > .kt-inside-inner-col > .aligncenter{width:100%;}.kadence-column_a4d796-73 > .kt-inside-inner-col:before{opacity:0.3;}.kadence-column_a4d796-73{position:relative;}@media all and (max-width: 1024px){.kadence-column_a4d796-73 > .kt-inside-inner-col{flex-direction:column;justify-content:center;}}@media all and (max-width: 767px){.kadence-column_a4d796-73 > .kt-inside-inner-col{flex-direction:column;justify-content:center;}}<\/style>\n<div class=\"wp-block-kadence-column inner-column-1 kadence-column_a4d796-73\"><div class=\"kt-inside-inner-col\"><\/div><\/div>\n<\/div><\/div><\/div>","protected":false},"excerpt":{"rendered":"<p>Privacy Policy 1. Introduction Thank you for visiting Nyamga and, where applicable, for choosing to use our service. We strive to make our privacy policy easy to understand so that you are aware of how we use your information. This privacy policy, like our terms of use, is a part of using our service, so&#8230;<\/p>","protected":false},"author":1,"featured_media":0,"parent":0,"menu_order":0,"comment_status":"closed","ping_status":"closed","template":"","meta":{"_kad_blocks_custom_css":"","_kad_blocks_head_custom_js":"","_kad_blocks_body_custom_js":"","_kad_blocks_footer_custom_js":"","footnotes":"","_links_to":"","_links_to_target":""},"yst_prominent_words":[],"class_list":["post-23401","page","type-page","status-publish","hentry"],"taxonomy_info":[],"featured_image_src_large":false,"author_info":{"display_name":"my_helper","author_link":"https:\/\/nyamga.com\/fr\/author\/my_helper\/"},"comment_info":0,"_links":{"self":[{"href":"https:\/\/nyamga.com\/fr\/wp-json\/wp\/v2\/pages\/23401","targetHints":{"allow":["GET"]}}],"collection":[{"href":"https:\/\/nyamga.com\/fr\/wp-json\/wp\/v2\/pages"}],"about":[{"href":"https:\/\/nyamga.com\/fr\/wp-json\/wp\/v2\/types\/page"}],"author":[{"embeddable":true,"href":"https:\/\/nyamga.com\/fr\/wp-json\/wp\/v2\/users\/1"}],"replies":[{"embeddable":true,"href":"https:\/\/nyamga.com\/fr\/wp-json\/wp\/v2\/comments?post=23401"}],"version-history":[{"count":0,"href":"https:\/\/nyamga.com\/fr\/wp-json\/wp\/v2\/pages\/23401\/revisions"}],"wp:attachment":[{"href":"https:\/\/nyamga.com\/fr\/wp-json\/wp\/v2\/media?parent=23401"}],"wp:term":[{"taxonomy":"yst_prominent_words","embeddable":true,"href":"https:\/\/nyamga.com\/fr\/wp-json\/wp\/v2\/yst_prominent_words?post=23401"}],"curies":[{"name":"wp","href":"https:\/\/api.w.org\/{rel}","templated":true}]}}