{"id":4108,"date":"2021-05-31T18:50:01","date_gmt":"2021-05-31T18:50:01","guid":{"rendered":"https:\/\/nyamga.com\/?page_id=4108"},"modified":"2024-06-12T13:37:49","modified_gmt":"2024-06-12T11:37:49","slug":"contact-us","status":"publish","type":"page","link":"https:\/\/nyamga.com\/fr\/contact-us\/","title":{"rendered":"Contact us to discuss your company&#8217;s needs with us"},"content":{"rendered":"<style>.kb-row-layout-id4108_2b811f-e1 > .kt-row-column-wrap{align-content:start;}:where(.kb-row-layout-id4108_2b811f-e1 > .kt-row-column-wrap) > .wp-block-kadence-column{justify-content:start;}.kb-row-layout-id4108_2b811f-e1 > .kt-row-column-wrap{column-gap:var(--global-kb-gap-md, 2rem);row-gap:var(--global-kb-gap-md, 2rem);padding-top:var(--global-kb-spacing-sm, 1.5rem);padding-bottom:var(--global-kb-spacing-sm, 1.5rem);grid-template-columns:minmax(0, calc(30% - ((var(--global-kb-gap-md, 2rem) * 2 )\/3)))minmax(0, calc(45% - ((var(--global-kb-gap-md, 2rem) * 2 )\/3)))minmax(0, calc(25% - ((var(--global-kb-gap-md, 2rem) * 2 )\/3)));}.kb-row-layout-id4108_2b811f-e1 > .kt-row-layout-overlay{opacity:0.30;}@media all and (max-width: 1024px){.kb-row-layout-id4108_2b811f-e1 > .kt-row-column-wrap > div:not(.added-for-specificity){grid-column:initial;}}@media all and (max-width: 1024px){.kb-row-layout-id4108_2b811f-e1 > .kt-row-column-wrap{grid-template-columns:minmax(0, 2fr) minmax(0, 1fr) minmax(0, 1fr);}}@media all and (max-width: 767px){.kb-row-layout-id4108_2b811f-e1 > .kt-row-column-wrap > div:not(.added-for-specificity){grid-column:initial;}.kb-row-layout-id4108_2b811f-e1 > .kt-row-column-wrap{grid-template-columns:minmax(0, 1fr);}}<\/style><div class=\"kb-row-layout-wrap kb-row-layout-id4108_2b811f-e1 alignnone wp-block-kadence-rowlayout\"><div class=\"kt-row-column-wrap kt-has-3-columns kt-row-layout-left-half kt-tab-layout-inherit kt-mobile-layout-row kt-row-valign-top\">\n<style>.kadence-column4108_2dc417-c7 > .kt-inside-inner-col,.kadence-column4108_2dc417-c7 > .kt-inside-inner-col:before{border-top-left-radius:0px;border-top-right-radius:0px;border-bottom-right-radius:0px;border-bottom-left-radius:0px;}.kadence-column4108_2dc417-c7 > .kt-inside-inner-col{column-gap:var(--global-kb-gap-sm, 1rem);}.kadence-column4108_2dc417-c7 > .kt-inside-inner-col{flex-direction:column;}.kadence-column4108_2dc417-c7 > .kt-inside-inner-col > .aligncenter{width:100%;}.kadence-column4108_2dc417-c7 > .kt-inside-inner-col:before{opacity:0.3;}.kadence-column4108_2dc417-c7{position:relative;}@media all and (max-width: 1024px){.kadence-column4108_2dc417-c7 > .kt-inside-inner-col{flex-direction:column;justify-content:center;}}@media all and (max-width: 767px){.kadence-column4108_2dc417-c7 > .kt-inside-inner-col{flex-direction:column;justify-content:center;}}<\/style>\n<div class=\"wp-block-kadence-column kadence-column4108_2dc417-c7 inner-column-1\"><div class=\"kt-inside-inner-col\"><\/div><\/div>\n\n\n<style>.kadence-column4108_97f151-68 > .kt-inside-inner-col,.kadence-column4108_97f151-68 > .kt-inside-inner-col:before{border-top-left-radius:0px;border-top-right-radius:0px;border-bottom-right-radius:0px;border-bottom-left-radius:0px;}.kadence-column4108_97f151-68 > .kt-inside-inner-col{column-gap:var(--global-kb-gap-sm, 1rem);}.kadence-column4108_97f151-68 > .kt-inside-inner-col{flex-direction:column;}.kadence-column4108_97f151-68 > .kt-inside-inner-col > .aligncenter{width:100%;}.kadence-column4108_97f151-68 > .kt-inside-inner-col:before{opacity:0.3;}.kadence-column4108_97f151-68{position:relative;}@media all and (max-width: 1024px){.kadence-column4108_97f151-68 > .kt-inside-inner-col{flex-direction:column;justify-content:center;}}@media all and (max-width: 767px){.kadence-column4108_97f151-68 > .kt-inside-inner-col{flex-direction:column;justify-content:center;}}<\/style>\n<div class=\"wp-block-kadence-column kadence-column4108_97f151-68 inner-column-2\"><div class=\"kt-inside-inner-col\"><style>.wp-block-kadence-advancedheading.kt-adv-heading4108_799285-f8, .wp-block-kadence-advancedheading.kt-adv-heading4108_799285-f8[data-kb-block=\"kb-adv-heading4108_799285-f8\"]{text-align:right;font-size:22px;font-style:normal;}.wp-block-kadence-advancedheading.kt-adv-heading4108_799285-f8 mark.kt-highlight, .wp-block-kadence-advancedheading.kt-adv-heading4108_799285-f8[data-kb-block=\"kb-adv-heading4108_799285-f8\"] mark.kt-highlight{font-style:normal;color:#f76a0c;-webkit-box-decoration-break:clone;box-decoration-break:clone;padding-top:0px;padding-right:0px;padding-bottom:0px;padding-left:0px;}.wp-block-kadence-advancedheading.kt-adv-heading4108_799285-f8 img.kb-inline-image, .wp-block-kadence-advancedheading.kt-adv-heading4108_799285-f8[data-kb-block=\"kb-adv-heading4108_799285-f8\"] img.kb-inline-image{width:150px;vertical-align:baseline;}<\/style>\n<p class=\"kt-adv-heading4108_799285-f8 wp-block-kadence-advancedheading\" data-kb-block=\"kb-adv-heading4108_799285-f8\">\u00cates-vous un freelance? <\/p>\n<\/div><\/div>\n\n\n<style>.kadence-column4108_1faa79-aa > .kt-inside-inner-col,.kadence-column4108_1faa79-aa > .kt-inside-inner-col:before{border-top-left-radius:0px;border-top-right-radius:0px;border-bottom-right-radius:0px;border-bottom-left-radius:0px;}.kadence-column4108_1faa79-aa > .kt-inside-inner-col{column-gap:var(--global-kb-gap-sm, 1rem);}.kadence-column4108_1faa79-aa > .kt-inside-inner-col{flex-direction:column;}.kadence-column4108_1faa79-aa > .kt-inside-inner-col > .aligncenter{width:100%;}.kadence-column4108_1faa79-aa > .kt-inside-inner-col:before{opacity:0.3;}.kadence-column4108_1faa79-aa{position:relative;}@media all and (max-width: 1024px){.kadence-column4108_1faa79-aa > .kt-inside-inner-col{flex-direction:column;justify-content:center;}}@media all and (max-width: 767px){.kadence-column4108_1faa79-aa > .kt-inside-inner-col{flex-direction:column;justify-content:center;}}<\/style>\n<div class=\"wp-block-kadence-column kadence-column4108_1faa79-aa inner-column-3\"><div class=\"kt-inside-inner-col\"><style>.wp-block-kadence-advancedheading.kt-adv-heading4108_0a055f-1c, .wp-block-kadence-advancedheading.kt-adv-heading4108_0a055f-1c[data-kb-block=\"kb-adv-heading4108_0a055f-1c\"]{text-align:left;font-size:22px;font-style:normal;color:#d1e51b;}.wp-block-kadence-advancedheading.kt-adv-heading4108_0a055f-1c mark.kt-highlight, .wp-block-kadence-advancedheading.kt-adv-heading4108_0a055f-1c[data-kb-block=\"kb-adv-heading4108_0a055f-1c\"] mark.kt-highlight{font-style:normal;color:#f76a0c;-webkit-box-decoration-break:clone;box-decoration-break:clone;padding-top:0px;padding-right:0px;padding-bottom:0px;padding-left:0px;}.wp-block-kadence-advancedheading.kt-adv-heading4108_0a055f-1c img.kb-inline-image, .wp-block-kadence-advancedheading.kt-adv-heading4108_0a055f-1c[data-kb-block=\"kb-adv-heading4108_0a055f-1c\"] img.kb-inline-image{width:150px;vertical-align:baseline;}.wp-block-kadence-advancedheading.kt-adv-heading4108_0a055f-1c[data-kb-block=\"kb-adv-heading4108_0a055f-1c\"] a, a.kb-advanced-heading-link.kt-adv-heading-link4108_0a055f-1c{text-decoration:none;}<\/style>\n<a href=\"https:\/\/nyamga.com\/fr\/\" class=\"kb-advanced-heading-link kt-adv-heading-link4108_0a055f-1c hls-none\"><h2 class=\"kt-adv-heading4108_0a055f-1c wp-block-kadence-advancedheading\" data-kb-block=\"kb-adv-heading4108_0a055f-1c\"> Obtenez de l'aide ici.                                 <\/h2><\/a>\n<\/div><\/div>\n\n<\/div><\/div>\n\n<style>.kb-row-layout-id4108_a90ed0-b1 > .kt-row-column-wrap{align-content:start;}:where(.kb-row-layout-id4108_a90ed0-b1 > .kt-row-column-wrap) > .wp-block-kadence-column{justify-content:start;}.kb-row-layout-id4108_a90ed0-b1 > .kt-row-column-wrap{column-gap:var(--global-kb-gap-md, 2rem);row-gap:var(--global-kb-gap-md, 2rem);padding-top:var(--global-kb-spacing-sm, 1.5rem);padding-bottom:var(--global-kb-spacing-sm, 1.5rem);grid-template-columns:minmax(0, calc(10% - ((var(--global-kb-gap-md, 2rem) * 1 )\/2)))minmax(0, calc(90% - ((var(--global-kb-gap-md, 2rem) * 1 )\/2)));}.kb-row-layout-id4108_a90ed0-b1 > .kt-row-layout-overlay{opacity:0.30;}@media all and (max-width: 1024px){.kb-row-layout-id4108_a90ed0-b1 > .kt-row-column-wrap{grid-template-columns:minmax(0, 1fr) minmax(0, 2fr);}}@media all and (max-width: 767px){.kb-row-layout-id4108_a90ed0-b1 > .kt-row-column-wrap{grid-template-columns:minmax(0, 1fr);}}<\/style><div class=\"kb-row-layout-wrap kb-row-layout-id4108_a90ed0-b1 alignnone wp-block-kadence-rowlayout\"><div class=\"kt-row-column-wrap kt-has-2-columns kt-row-layout-right-golden kt-tab-layout-inherit kt-mobile-layout-row kt-row-valign-top\">\n<style>.kadence-column4108_e53e2d-13 > .kt-inside-inner-col,.kadence-column4108_e53e2d-13 > .kt-inside-inner-col:before{border-top-left-radius:0px;border-top-right-radius:0px;border-bottom-right-radius:0px;border-bottom-left-radius:0px;}.kadence-column4108_e53e2d-13 > .kt-inside-inner-col{column-gap:var(--global-kb-gap-sm, 1rem);}.kadence-column4108_e53e2d-13 > .kt-inside-inner-col{flex-direction:column;}.kadence-column4108_e53e2d-13 > .kt-inside-inner-col > .aligncenter{width:100%;}.kadence-column4108_e53e2d-13 > .kt-inside-inner-col:before{opacity:0.3;}.kadence-column4108_e53e2d-13{position:relative;}@media all and (max-width: 1024px){.kadence-column4108_e53e2d-13 > .kt-inside-inner-col{flex-direction:column;justify-content:center;}}@media all and (max-width: 767px){.kadence-column4108_e53e2d-13 > .kt-inside-inner-col{flex-direction:column;justify-content:center;}}<\/style>\n<div class=\"wp-block-kadence-column kadence-column4108_e53e2d-13 inner-column-1\"><div class=\"kt-inside-inner-col\"><\/div><\/div>\n\n\n<style>.kadence-column4108_bafd82-76 > .kt-inside-inner-col,.kadence-column4108_bafd82-76 > .kt-inside-inner-col:before{border-top-left-radius:0px;border-top-right-radius:0px;border-bottom-right-radius:0px;border-bottom-left-radius:0px;}.kadence-column4108_bafd82-76 > .kt-inside-inner-col{column-gap:var(--global-kb-gap-sm, 1rem);}.kadence-column4108_bafd82-76 > .kt-inside-inner-col{flex-direction:column;}.kadence-column4108_bafd82-76 > .kt-inside-inner-col > .aligncenter{width:100%;}.kadence-column4108_bafd82-76 > .kt-inside-inner-col:before{opacity:0.3;}.kadence-column4108_bafd82-76{position:relative;}@media all and (max-width: 1024px){.kadence-column4108_bafd82-76 > .kt-inside-inner-col{flex-direction:column;justify-content:center;}}@media all and (max-width: 767px){.kadence-column4108_bafd82-76 > .kt-inside-inner-col{flex-direction:column;justify-content:center;}}<\/style>\n<div class=\"wp-block-kadence-column kadence-column4108_bafd82-76 inner-column-2\"><div class=\"kt-inside-inner-col\"><style>.wp-block-kadence-advancedheading.kt-adv-heading4108_9895bb-3a, .wp-block-kadence-advancedheading.kt-adv-heading4108_9895bb-3a[data-kb-block=\"kb-adv-heading4108_9895bb-3a\"]{font-style:normal;}.wp-block-kadence-advancedheading.kt-adv-heading4108_9895bb-3a mark.kt-highlight, .wp-block-kadence-advancedheading.kt-adv-heading4108_9895bb-3a[data-kb-block=\"kb-adv-heading4108_9895bb-3a\"] mark.kt-highlight{font-style:normal;color:#f76a0c;-webkit-box-decoration-break:clone;box-decoration-break:clone;padding-top:0px;padding-right:0px;padding-bottom:0px;padding-left:0px;}.wp-block-kadence-advancedheading.kt-adv-heading4108_9895bb-3a img.kb-inline-image, .wp-block-kadence-advancedheading.kt-adv-heading4108_9895bb-3a[data-kb-block=\"kb-adv-heading4108_9895bb-3a\"] img.kb-inline-image{width:150px;vertical-align:baseline;}<\/style>\n<h2 class=\"kt-adv-heading4108_9895bb-3a wp-block-kadence-advancedheading\" data-kb-block=\"kb-adv-heading4108_9895bb-3a\">Veuillez remplir le formulaire et nous vous r\u00e9pondrons dans les plus brefs d\u00e9lais.<\/h2>\n\n\n<style>.wp-block-kadence-advancedheading.kt-adv-heading4108_4902db-60, .wp-block-kadence-advancedheading.kt-adv-heading4108_4902db-60[data-kb-block=\"kb-adv-heading4108_4902db-60\"]{font-style:normal;}.wp-block-kadence-advancedheading.kt-adv-heading4108_4902db-60 mark.kt-highlight, .wp-block-kadence-advancedheading.kt-adv-heading4108_4902db-60[data-kb-block=\"kb-adv-heading4108_4902db-60\"] mark.kt-highlight{font-style:normal;color:#d1e51b;-webkit-box-decoration-break:clone;box-decoration-break:clone;padding-top:0px;padding-right:0px;padding-bottom:0px;padding-left:0px;}.wp-block-kadence-advancedheading.kt-adv-heading4108_4902db-60 img.kb-inline-image, .wp-block-kadence-advancedheading.kt-adv-heading4108_4902db-60[data-kb-block=\"kb-adv-heading4108_4902db-60\"] img.kb-inline-image{width:150px;vertical-align:baseline;}<\/style>\n<h4 class=\"kt-adv-heading4108_4902db-60 wp-block-kadence-advancedheading\" data-kb-block=\"kb-adv-heading4108_4902db-60\"><strong>Vous pouvez \u00e9galement organiser un appel de consultation gratuite et sans obligation <mark class=\"kt-highlight\"><a href=\"https:\/\/calendly.com\/nyamga\/nyamga-strategy-session\" data-type=\"page\" data-id=\"24791\" target=\"_blank\" rel=\"noreferrer noopener\">ici<\/a><\/mark><\/strong><\/h4>\n<\/div><\/div>\n\n<\/div><\/div>\n\n<style>.kb-row-layout-id4108_0dd103-c4 > .kt-row-column-wrap{align-content:start;}:where(.kb-row-layout-id4108_0dd103-c4 > .kt-row-column-wrap) > .wp-block-kadence-column{justify-content:start;}.kb-row-layout-id4108_0dd103-c4 > .kt-row-column-wrap{column-gap:var(--global-kb-gap-md, 2rem);row-gap:var(--global-kb-gap-md, 2rem);padding-top:var(--global-kb-spacing-sm, 1.5rem);padding-bottom:var(--global-kb-spacing-sm, 1.5rem);grid-template-columns:minmax(0, calc(10% - ((var(--global-kb-gap-md, 2rem) * 2 )\/3)))minmax(0, calc(45% - ((var(--global-kb-gap-md, 2rem) * 2 )\/3)))minmax(0, calc(45% - ((var(--global-kb-gap-md, 2rem) * 2 )\/3)));}.kb-row-layout-id4108_0dd103-c4 > .kt-row-layout-overlay{opacity:0.30;}@media all and (max-width: 1024px){.kb-row-layout-id4108_0dd103-c4 > .kt-row-column-wrap > div:not(.added-for-specificity){grid-column:initial;}}@media all and (max-width: 1024px){.kb-row-layout-id4108_0dd103-c4 > .kt-row-column-wrap{grid-template-columns:repeat(3, minmax(0, 1fr));}}@media all and (max-width: 767px){.kb-row-layout-id4108_0dd103-c4 > .kt-row-column-wrap > div:not(.added-for-specificity){grid-column:initial;}.kb-row-layout-id4108_0dd103-c4 > .kt-row-column-wrap{grid-template-columns:minmax(0, 1fr);}}<\/style><div class=\"kb-row-layout-wrap kb-row-layout-id4108_0dd103-c4 alignnone wp-block-kadence-rowlayout\"><div class=\"kt-row-column-wrap kt-has-3-columns kt-row-layout-equal kt-tab-layout-inherit kt-mobile-layout-row kt-row-valign-top\">\n<style>.kadence-column4108_e92b2d-fb > .kt-inside-inner-col,.kadence-column4108_e92b2d-fb > .kt-inside-inner-col:before{border-top-left-radius:0px;border-top-right-radius:0px;border-bottom-right-radius:0px;border-bottom-left-radius:0px;}.kadence-column4108_e92b2d-fb > .kt-inside-inner-col{column-gap:var(--global-kb-gap-sm, 1rem);}.kadence-column4108_e92b2d-fb > .kt-inside-inner-col{flex-direction:column;}.kadence-column4108_e92b2d-fb > .kt-inside-inner-col > .aligncenter{width:100%;}.kadence-column4108_e92b2d-fb > .kt-inside-inner-col:before{opacity:0.3;}.kadence-column4108_e92b2d-fb{position:relative;}@media all and (max-width: 1024px){.kadence-column4108_e92b2d-fb > .kt-inside-inner-col{flex-direction:column;justify-content:center;}}@media all and (max-width: 767px){.kadence-column4108_e92b2d-fb > .kt-inside-inner-col{flex-direction:column;justify-content:center;}}<\/style>\n<div class=\"wp-block-kadence-column kadence-column4108_e92b2d-fb inner-column-1\"><div class=\"kt-inside-inner-col\"><\/div><\/div>\n\n\n<style>.kadence-column4108_52e700-05 > .kt-inside-inner-col,.kadence-column4108_52e700-05 > .kt-inside-inner-col:before{border-top-left-radius:0px;border-top-right-radius:0px;border-bottom-right-radius:0px;border-bottom-left-radius:0px;}.kadence-column4108_52e700-05 > .kt-inside-inner-col{column-gap:var(--global-kb-gap-sm, 1rem);}.kadence-column4108_52e700-05 > .kt-inside-inner-col{flex-direction:column;}.kadence-column4108_52e700-05 > .kt-inside-inner-col > .aligncenter{width:100%;}.kadence-column4108_52e700-05 > .kt-inside-inner-col:before{opacity:0.3;}.kadence-column4108_52e700-05{position:relative;}@media all and (max-width: 1024px){.kadence-column4108_52e700-05 > .kt-inside-inner-col{flex-direction:column;justify-content:center;}}@media all and (max-width: 767px){.kadence-column4108_52e700-05 > .kt-inside-inner-col{flex-direction:column;justify-content:center;}}<\/style>\n<div class=\"wp-block-kadence-column kadence-column4108_52e700-05 inner-column-2\"><div class=\"kt-inside-inner-col\">\n<figure class=\"wp-block-image size-large\"><img loading=\"lazy\" decoding=\"async\" width=\"768\" height=\"1024\" src=\"https:\/\/nyamga.com\/wp-content\/uploads\/2022\/09\/COPY-Contact-US-FR.jpeg\" alt=\"Contact us\" class=\"wp-image-24803\" srcset=\"https:\/\/nyamga.com\/wp-content\/uploads\/2022\/09\/COPY-Contact-US-FR.jpeg 1296w, https:\/\/nyamga.com\/wp-content\/uploads\/2022\/09\/COPY-Contact-US-FR-225x300.jpeg 225w, https:\/\/nyamga.com\/wp-content\/uploads\/2022\/09\/COPY-Contact-US-FR-768x1024.jpeg 768w, https:\/\/nyamga.com\/wp-content\/uploads\/2022\/09\/COPY-Contact-US-FR-1152x1536.jpeg 1152w, https:\/\/nyamga.com\/wp-content\/uploads\/2022\/09\/COPY-Contact-US-FR-9x12.jpeg 9w, https:\/\/nyamga.com\/wp-content\/uploads\/2022\/09\/COPY-Contact-US-FR-304x405.jpeg 304w\" sizes=\"auto, (max-width: 768px) 100vw, 768px\" \/><\/figure>\n<\/div><\/div>\n\n\n<style>.kadence-column4108_e988b7-58 > .kt-inside-inner-col,.kadence-column4108_e988b7-58 > .kt-inside-inner-col:before{border-top-left-radius:0px;border-top-right-radius:0px;border-bottom-right-radius:0px;border-bottom-left-radius:0px;}.kadence-column4108_e988b7-58 > .kt-inside-inner-col{column-gap:var(--global-kb-gap-sm, 1rem);}.kadence-column4108_e988b7-58 > .kt-inside-inner-col{flex-direction:column;}.kadence-column4108_e988b7-58 > .kt-inside-inner-col > .aligncenter{width:100%;}.kadence-column4108_e988b7-58 > .kt-inside-inner-col:before{opacity:0.3;}.kadence-column4108_e988b7-58{position:relative;}@media all and (max-width: 1024px){.kadence-column4108_e988b7-58 > .kt-inside-inner-col{flex-direction:column;justify-content:center;}}@media all and (max-width: 767px){.kadence-column4108_e988b7-58 > .kt-inside-inner-col{flex-direction:column;justify-content:center;}}<\/style>\n<div class=\"wp-block-kadence-column kadence-column4108_e988b7-58 inner-column-3\"><div class=\"kt-inside-inner-col\"><style>.wp-block-kadence-advancedheading.kt-adv-heading4108_8d19d3-7d, .wp-block-kadence-advancedheading.kt-adv-heading4108_8d19d3-7d[data-kb-block=\"kb-adv-heading4108_8d19d3-7d\"]{font-style:normal;}.wp-block-kadence-advancedheading.kt-adv-heading4108_8d19d3-7d mark.kt-highlight, .wp-block-kadence-advancedheading.kt-adv-heading4108_8d19d3-7d[data-kb-block=\"kb-adv-heading4108_8d19d3-7d\"] mark.kt-highlight{font-style:normal;color:#f76a0c;-webkit-box-decoration-break:clone;box-decoration-break:clone;padding-top:0px;padding-right:0px;padding-bottom:0px;padding-left:0px;}.wp-block-kadence-advancedheading.kt-adv-heading4108_8d19d3-7d img.kb-inline-image, .wp-block-kadence-advancedheading.kt-adv-heading4108_8d19d3-7d[data-kb-block=\"kb-adv-heading4108_8d19d3-7d\"] img.kb-inline-image{width:150px;vertical-align:baseline;}<\/style>\n<h2 class=\"kt-adv-heading4108_8d19d3-7d wp-block-kadence-advancedheading\" data-kb-block=\"kb-adv-heading4108_8d19d3-7d\">Parlez-nous un peu de vous<\/h2>\n\n\n\n<div class=\"wp-block-contact-form-7-contact-form-selector\">\n<div class=\"wpcf7 no-js\" id=\"wpcf7-f4098-o1\" lang=\"fr-FR\" dir=\"ltr\" data-wpcf7-id=\"4098\">\n<div class=\"screen-reader-response\"><p role=\"status\" aria-live=\"polite\" aria-atomic=\"true\"><\/p> <ul><\/ul><\/div>\n<form action=\"\/fr\/wp-json\/wp\/v2\/pages\/4108#wpcf7-f4098-o1\" method=\"post\" class=\"wpcf7-form init\" aria-label=\"Formulaire de contact\" novalidate=\"novalidate\" data-status=\"init\" data-trp-original-action=\"\/fr\/wp-json\/wp\/v2\/pages\/4108#wpcf7-f4098-o1\">\n<fieldset class=\"hidden-fields-container\"><input type=\"hidden\" name=\"_wpcf7\" value=\"4098\" \/><input type=\"hidden\" name=\"_wpcf7_version\" value=\"6.1.4\" \/><input type=\"hidden\" name=\"_wpcf7_locale\" value=\"fr_FR\" \/><input type=\"hidden\" name=\"_wpcf7_unit_tag\" value=\"wpcf7-f4098-o1\" \/><input type=\"hidden\" name=\"_wpcf7_container_post\" value=\"0\" \/><input type=\"hidden\" name=\"_wpcf7_posted_data_hash\" value=\"\" \/>\n<\/fieldset>\n<p><label> Votre nom<br \/>\n<span class=\"wpcf7-form-control-wrap\" data-name=\"your-name\"><input size=\"40\" maxlength=\"400\" class=\"wpcf7-form-control wpcf7-text wpcf7-validates-as-required\" aria-required=\"true\" aria-invalid=\"false\" value=\"\" type=\"text\" name=\"your-name\" \/><\/span> <\/label>\n<\/p>\n<p><label> Votre e-mail<br \/>\n<span class=\"wpcf7-form-control-wrap\" data-name=\"your-email\"><input size=\"40\" maxlength=\"400\" class=\"wpcf7-form-control wpcf7-email wpcf7-validates-as-required wpcf7-text wpcf7-validates-as-email\" aria-required=\"true\" aria-invalid=\"false\" value=\"\" type=\"email\" name=\"your-email\" \/><\/span> <\/label>\n<\/p>\n<p><label> Votre num\u00e9ro de t\u00e9l\u00e9phone<br \/>\n<span class=\"wpcf7-form-control-wrap\" data-name=\"Phonenumber\"><input size=\"40\" maxlength=\"400\" class=\"wpcf7-form-control wpcf7-tel wpcf7-validates-as-required wpcf7-text wpcf7-validates-as-tel\" aria-required=\"true\" aria-invalid=\"false\" value=\"\" type=\"tel\" name=\"Phonenumber\" \/><\/span> <\/label>\n<\/p>\n<p><label> Lien de votre site web ou de votre profil de m\u00e9dia social<br \/>\n<span class=\"wpcf7-form-control-wrap\" data-name=\"url-86\"><input size=\"40\" maxlength=\"400\" class=\"wpcf7-form-control wpcf7-url wpcf7-validates-as-required wpcf7-text wpcf7-validates-as-url\" aria-required=\"true\" aria-invalid=\"false\" value=\"\" type=\"url\" name=\"url-86\" \/><\/span><\/label>\n<\/p>\n<p><label> Comment pouvons-nous vous aider?<br \/>\n<span class=\"wpcf7-form-control-wrap\" data-name=\"your-message\"><textarea cols=\"40\" rows=\"10\" maxlength=\"2000\" class=\"wpcf7-form-control wpcf7-textarea\" aria-invalid=\"false\" name=\"your-message\"><\/textarea><\/span> <\/label>\n<\/p>\n<p><div id=\"cf7sr-69dfd889dae43\" class=\"cf7sr-g-recaptcha\" data-theme=\"light\" data-type=\"image\" data-size=\"normal\" data-sitekey=\"6LeWInMcAAAAAFUU_VcFWscLCYT3dMVdVxKXygYo\"><\/div><span class=\"wpcf7-form-control-wrap cf7sr-recaptcha\" data-name=\"cf7sr-recaptcha\"><input type=\"hidden\" name=\"cf7sr-recaptcha\" value=\"\" class=\"wpcf7-form-control\"><\/span>\n<\/p>\n<p><input class=\"wpcf7-form-control wpcf7-submit has-spinner\" type=\"submit\" value=\"Envoyer mon message\" \/>\n<\/p><input\n                    class=\"apbct_special_field apbct_email_id__wp_contact_form_7\"\n                    name=\"apbct__email_id__wp_contact_form_7\"\n                    aria-label=\"apbct__label_id__wp_contact_form_7\"\n                    type=\"text\" size=\"30\" maxlength=\"200\" autocomplete=\"off\"\n                    value=\"\"\n                \/><div class=\"wpcf7-response-output\" aria-hidden=\"true\"><\/div>\n<input type=\"hidden\" name=\"trp-form-language\" value=\"fr\"\/><\/form>\n<\/div>\n<\/div>\n\n\n<style>.wp-block-kadence-advancedheading.kt-adv-heading4108_46573a-7f, .wp-block-kadence-advancedheading.kt-adv-heading4108_46573a-7f[data-kb-block=\"kb-adv-heading4108_46573a-7f\"]{font-size:15px;font-style:normal;}.wp-block-kadence-advancedheading.kt-adv-heading4108_46573a-7f mark.kt-highlight, .wp-block-kadence-advancedheading.kt-adv-heading4108_46573a-7f[data-kb-block=\"kb-adv-heading4108_46573a-7f\"] mark.kt-highlight{font-style:normal;color:#f76a0c;-webkit-box-decoration-break:clone;box-decoration-break:clone;padding-top:0px;padding-right:0px;padding-bottom:0px;padding-left:0px;}.wp-block-kadence-advancedheading.kt-adv-heading4108_46573a-7f img.kb-inline-image, .wp-block-kadence-advancedheading.kt-adv-heading4108_46573a-7f[data-kb-block=\"kb-adv-heading4108_46573a-7f\"] img.kb-inline-image{width:150px;vertical-align:baseline;}<\/style>\n<p class=\"kt-adv-heading4108_46573a-7f wp-block-kadence-advancedheading\" data-kb-block=\"kb-adv-heading4108_46573a-7f\">NOUS UTILISERONS LES INFORMATIONS QUE VOUS NOUS DONNEZ POUR COMMUNIQUER AVEC VOUS AU SUJET DE VOS BESOINS ET DE NOS SERVICES TELS QUE D\u00c9CRITS DANS LE SITE WEB DE NYAMGA&nbsp;<a href=\"https:\/\/nyamga.com\/fr\/privacy-policy-2\/\">POLITIQUE DE CONFIDENTIALIT\u00c9S<\/a>.<\/p>\n<\/div><\/div>\n\n<\/div><\/div>","protected":false},"excerpt":{"rendered":"<p>Vous \u00eates freelance ? Obtenez de l'aide ici. Remplissez le formulaire et nous vous r\u00e9pondrons dans les plus brefs d\u00e9lais. Vous pouvez \u00e9galement organiser un appel strat\u00e9gique sans engagement ici Parlez-nous un peu de vous NOUS UTILISERONS LES INFORMATIONS QUE VOUS NOUS DONNEREZ POUR COMMUNIQUER AVEC VOUS SUR VOS BESOINS ET...<\/p>","protected":false},"author":1,"featured_media":0,"parent":0,"menu_order":0,"comment_status":"closed","ping_status":"closed","template":"page-templates\/page-full-width.php","meta":{"_kad_blocks_custom_css":"","_kad_blocks_head_custom_js":"","_kad_blocks_body_custom_js":"","_kad_blocks_footer_custom_js":"","footnotes":"","_links_to":"","_links_to_target":""},"yst_prominent_words":[],"class_list":["post-4108","page","type-page","status-publish","hentry"],"taxonomy_info":[],"featured_image_src_large":false,"author_info":{"display_name":"my_helper","author_link":"https:\/\/nyamga.com\/fr\/author\/my_helper\/"},"comment_info":0,"_links":{"self":[{"href":"https:\/\/nyamga.com\/fr\/wp-json\/wp\/v2\/pages\/4108","targetHints":{"allow":["GET"]}}],"collection":[{"href":"https:\/\/nyamga.com\/fr\/wp-json\/wp\/v2\/pages"}],"about":[{"href":"https:\/\/nyamga.com\/fr\/wp-json\/wp\/v2\/types\/page"}],"author":[{"embeddable":true,"href":"https:\/\/nyamga.com\/fr\/wp-json\/wp\/v2\/users\/1"}],"replies":[{"embeddable":true,"href":"https:\/\/nyamga.com\/fr\/wp-json\/wp\/v2\/comments?post=4108"}],"version-history":[{"count":0,"href":"https:\/\/nyamga.com\/fr\/wp-json\/wp\/v2\/pages\/4108\/revisions"}],"wp:attachment":[{"href":"https:\/\/nyamga.com\/fr\/wp-json\/wp\/v2\/media?parent=4108"}],"wp:term":[{"taxonomy":"yst_prominent_words","embeddable":true,"href":"https:\/\/nyamga.com\/fr\/wp-json\/wp\/v2\/yst_prominent_words?post=4108"}],"curies":[{"name":"wp","href":"https:\/\/api.w.org\/{rel}","templated":true}]}}