{"id":24851,"date":"2022-10-02T18:21:21","date_gmt":"2022-10-02T18:21:21","guid":{"rendered":"https:\/\/nyamga.com\/authentication-register\/"},"modified":"2024-06-12T11:37:09","modified_gmt":"2024-06-12T09:37:09","slug":"authentication-register","status":"publish","type":"page","link":"https:\/\/nyamga.com\/fr\/authentication-register\/","title":{"rendered":"Authentification - Registre"},"content":{"rendered":"<style>.kb-row-layout-wrap.wp-block-kadence-rowlayout.kb-row-layout-id24851_c18079-14{margin-top:0px;margin-bottom:0px;}.kb-row-layout-id24851_c18079-14 > .kt-row-column-wrap{align-content:start;}:where(.kb-row-layout-id24851_c18079-14 > .kt-row-column-wrap) > .wp-block-kadence-column{justify-content:start;}.kb-row-layout-id24851_c18079-14 > .kt-row-column-wrap{column-gap:var(--global-kb-gap-md, 2rem);row-gap:var(--global-kb-gap-md, 2rem);max-width:90%;margin-left:auto;margin-right:auto;padding-top:0px;padding-right:0px;padding-bottom:0px;padding-left:0px;grid-template-columns:minmax(0, 1fr);}.kb-row-layout-id24851_c18079-14 > .kt-row-layout-overlay{opacity:0.30;}@media all and (max-width: 1024px){.kb-row-layout-wrap.wp-block-kadence-rowlayout.kb-row-layout-id24851_c18079-14{margin-top:30px;margin-bottom:30px;}}@media all and (max-width: 1024px){.kb-row-layout-id24851_c18079-14 > .kt-row-column-wrap{max-width:60%;margin-left:auto;margin-right:auto;grid-template-columns:minmax(0, 1fr);}}@media all and (max-width: 767px){.kb-row-layout-wrap.wp-block-kadence-rowlayout.kb-row-layout-id24851_c18079-14{margin-top:20px;margin-bottom:20px;}.kb-row-layout-id24851_c18079-14 > .kt-row-column-wrap{max-width:100%;margin-left:auto;margin-right:auto;grid-template-columns:minmax(0, 1fr);}}<\/style><div class=\"kb-row-layout-wrap kb-row-layout-id24851_c18079-14 alignwide register-wrapper-row wp-block-kadence-rowlayout\"><div class=\"kt-row-column-wrap kt-has-1-columns kt-row-layout-equal kt-tab-layout-inherit kt-mobile-layout-row kt-row-valign-top\">\n<style>.kadence-column24851_2ab2a3-7e > .kt-inside-inner-col{padding-top:25px;padding-right:25px;padding-bottom:25px;padding-left:25px;}.kadence-column24851_2ab2a3-7e > .kt-inside-inner-col{border-top:1px solid #e8ebf6;border-right:1px solid #e8ebf6;border-bottom:1px solid #e8ebf6;border-left:1px solid #e8ebf6;}.kadence-column24851_2ab2a3-7e > .kt-inside-inner-col,.kadence-column24851_2ab2a3-7e > .kt-inside-inner-col:before{border-top-left-radius:6px;border-top-right-radius:6px;border-bottom-right-radius:6px;border-bottom-left-radius:6px;}.kadence-column24851_2ab2a3-7e > .kt-inside-inner-col{column-gap:var(--global-kb-gap-sm, 1rem);}.kadence-column24851_2ab2a3-7e > .kt-inside-inner-col{flex-direction:column;}.kadence-column24851_2ab2a3-7e > .kt-inside-inner-col > .aligncenter{width:100%;}.kadence-column24851_2ab2a3-7e > .kt-inside-inner-col:before{opacity:0.3;}.kadence-column24851_2ab2a3-7e{position:relative;}@media all and (max-width: 1024px){.kadence-column24851_2ab2a3-7e > .kt-inside-inner-col{border-top:1px solid #e8ebf6;border-right:1px solid #e8ebf6;border-bottom:1px solid #e8ebf6;border-left:1px solid #e8ebf6;flex-direction:column;justify-content:center;}}@media all and (max-width: 767px){.kadence-column24851_2ab2a3-7e > .kt-inside-inner-col{border-top:1px solid #e8ebf6;border-right:1px solid #e8ebf6;border-bottom:1px solid #e8ebf6;border-left:1px solid #e8ebf6;flex-direction:column;justify-content:center;}}<\/style>\n<div class=\"wp-block-kadence-column kadence-column24851_2ab2a3-7e inner-column-1\"><div class=\"kt-inside-inner-col\"><style>.kb-row-layout-wrap.wp-block-kadence-rowlayout.kb-row-layout-id24851_64e82a-b8{margin-top:0px;margin-bottom:0px;}.kb-row-layout-id24851_64e82a-b8 > .kt-row-column-wrap{align-content:start;}:where(.kb-row-layout-id24851_64e82a-b8 > .kt-row-column-wrap) > .wp-block-kadence-column{justify-content:start;}.kb-row-layout-id24851_64e82a-b8 > .kt-row-column-wrap{column-gap:var(--global-kb-gap-md, 2rem);row-gap:var(--global-kb-gap-md, 2rem);padding-top:0px;padding-right:0px;padding-bottom:0px;padding-left:0px;grid-template-columns:minmax(0, 1fr);}.kb-row-layout-id24851_64e82a-b8 > .kt-row-layout-overlay{opacity:0.30;}@media all and (max-width: 1024px){.kb-row-layout-id24851_64e82a-b8 > .kt-row-column-wrap{grid-template-columns:minmax(0, 1fr);}}@media all and (max-width: 767px){.kb-row-layout-id24851_64e82a-b8 > .kt-row-column-wrap{grid-template-columns:minmax(0, 1fr);}}<\/style><div class=\"kb-row-layout-wrap kb-row-layout-id24851_64e82a-b8 alignwide wp-block-kadence-rowlayout\"><div class=\"kt-row-column-wrap kt-has-1-columns kt-row-layout-equal kt-tab-layout-inherit kt-mobile-layout-row kt-row-valign-top\">\n<style>.kadence-column24851_278ca8-d8 > .kt-inside-inner-col,.kadence-column24851_278ca8-d8 > .kt-inside-inner-col:before{border-top-left-radius:0px;border-top-right-radius:0px;border-bottom-right-radius:0px;border-bottom-left-radius:0px;}.kadence-column24851_278ca8-d8 > .kt-inside-inner-col{column-gap:var(--global-kb-gap-sm, 1rem);}.kadence-column24851_278ca8-d8 > .kt-inside-inner-col{flex-direction:column;}.kadence-column24851_278ca8-d8 > .kt-inside-inner-col > .aligncenter{width:100%;}.kadence-column24851_278ca8-d8 > .kt-inside-inner-col:before{opacity:0.3;}.kadence-column24851_278ca8-d8{position:relative;}@media all and (max-width: 1024px){.kadence-column24851_278ca8-d8 > .kt-inside-inner-col{flex-direction:column;justify-content:center;}}@media all and (max-width: 767px){.kadence-column24851_278ca8-d8 > .kt-inside-inner-col{flex-direction:column;justify-content:center;}}<\/style>\n<div class=\"wp-block-kadence-column kadence-column24851_278ca8-d8 inner-column-1 ui form\"><div class=\"kt-inside-inner-col\"><style>.wp-block-kadence-advancedheading.kt-adv-heading24851_f55d75-c7, .wp-block-kadence-advancedheading.kt-adv-heading24851_f55d75-c7[data-kb-block=\"kb-adv-heading24851_f55d75-c7\"]{padding-top:0px;padding-right:0px;padding-bottom:0px;padding-left:0px;margin-top:0px;margin-right:0px;margin-bottom:10px;margin-left:0px;font-style:normal;}.wp-block-kadence-advancedheading.kt-adv-heading24851_f55d75-c7 mark.kt-highlight, .wp-block-kadence-advancedheading.kt-adv-heading24851_f55d75-c7[data-kb-block=\"kb-adv-heading24851_f55d75-c7\"] mark.kt-highlight{font-style:normal;color:#f76a0c;-webkit-box-decoration-break:clone;box-decoration-break:clone;padding-top:0px;padding-right:0px;padding-bottom:0px;padding-left:0px;}.wp-block-kadence-advancedheading.kt-adv-heading24851_f55d75-c7 img.kb-inline-image, .wp-block-kadence-advancedheading.kt-adv-heading24851_f55d75-c7[data-kb-block=\"kb-adv-heading24851_f55d75-c7\"] img.kb-inline-image{width:150px;vertical-align:baseline;}<\/style>\n<h2 class=\"kt-adv-heading24851_f55d75-c7 authentication-title wp-block-kadence-advancedheading\" data-kb-block=\"kb-adv-heading24851_f55d75-c7\">S&#039;inscrire<\/h2>\n\n\n<div class=\"ui fluid input\"><input type=\"text\" name=\"user_login\" placeholder=\"Nom d&#039;utilisateur\" class=\"mb15\" \/><\/div>\n\n\n<div class=\"ui fluid input\"><input type=\"text\" name=\"user_email\" placeholder=\"Courriel\" class=\"mb15\" \/><\/div>\n\n\n\n\t<div class=\"field pass_extra_field\">\n\n\t\t<input\n\t\t\ttype=\"password\"\n\t\t\tname=\"user_password\"\n\t\t\tid=\"user_password\" size=\"30\"\n\t\t\tmaxlength=\"100\"\n\t\t\tvalue=\"\"\n\t\t\tplaceholder=\"Mot de passe\"\n\t\t\/>\n\n\t<\/div>\n\n\t<div class=\"field pass_extra_field\">\n\n\t\t<input\n\t\t\ttype=\"password\"\n\t\t\tname=\"user_confirm_password\"\n\t\t\tid=\"user_confirm_password\"\n\t\t\tsize=\"30\"\n\t\t\tmaxlength=\"100\"\n\t\t\tvalue=\"\"\n\t\t\tplaceholder=\"Confirmer le mot de passe\"\n\t\t\/>\n\n\t<\/div>\n\n\n\t\t<style>\n\t\t\t#mapping-complete-info #wpjobster_user_type{\n\t\t\t\tborder: 1px solid #e5e5e5;\n\t\t\t\tbox-shadow: 1px 1px 2px rgb(200 200 200 \/ 20%) inset;\n\t\t\t\tcolor: #555;\n\t\t\t\tfont-size: 17px;\n\t\t\t\theight: 40px;\n\t\t\t\tmargin-bottom: 16px;\n\t\t\t\tmargin-top: 2px;\n\t\t\t\twidth: 100.6%;\n\t\t\t}\n\t\t<\/style>\n\n\t\t<div class=\"field\">\n\n\t\t\t\n\t\t\t<select name=\"wpjobster_user_type\" id=\"wpjobster_user_type\" class=\"ui fluid selection dropdown register-segregate\">\n\n\t\t\t\t<option value=\"\">\n\n\t\t\t\t\tCat\u00e9gorie d'utilisateur\n\t\t\t\t<\/option>\n\n\t\t\t\t<option  value=\"buyer\">\n\n\t\t\t\t\tAcheteur\n\t\t\t\t<\/option>\n\n\t\t\t\t<option  value=\"seller\">\n\n\t\t\t\t\tVendeur\n\t\t\t\t<\/option>\n\n\t\t\t<\/select>\n\n\t\t<\/div>\n\n\t<input\n                    class=\"apbct_special_field apbct_email_id__wp_register\"\n                    name=\"apbct__email_id__wp_register\"\n                    aria-label=\"apbct__label_id__wp_register\"\n                    type=\"text\" size=\"30\" maxlength=\"200\" autocomplete=\"off\"\n                    value=\"\"\n                \/><style>\n\t#mapping-complete-info #cell_number{\n\t\tborder: 1px solid #e5e5e5;\n\t\tbox-shadow: 1px 1px 2px rgba(200, 200, 200, 0.2) inset;\n\t\tcolor: #555;\n\t\tfont-size: 17px;\n\t\theight: 30px;line-height: 1;\n\t\tmargin-bottom: 16px;\n\t\tmargin-right: 6px;\n\t\tmargin-top: 2px;\n\t\toutline: 0 none;\n\t\tpadding: 3px;\n\t\twidth: 99%;\n\t}\n<\/style>\n\n<div class=\"field phone_extra_field\">\n\n\t\n\t<input\n\t\tdata-default-country=\"CM\"\n\t\tdata-only-countries=\"\"\n\t\ttype=\"tel\"\n\t\tclass=\"cell_number\"\n\t\tname=\"cell_number\"\n\t\tid=\"cell_number\"\n\t\tsize=\"30\"\n\t\tmaxlength=\"100\"\n\t\tvalue=\"\"\n\t\tplaceholder=\"Num\u00e9ro de t\u00e9l\u00e9phone\"\n\t\/>\n\n\t<input\n\t\ttype=\"hidden\"\n\t\tid=\"country_number\"\n\t\tname=\"country_number\"\n\t\/>\n\n<\/div>\n\t<script src=\"https:\/\/www.google.com\/recaptcha\/api.js?onload=reCaptchaCallback\"><\/script>\n\n\t<div class=\"field recaptcha_extra_field\">\n\n\t\t<div class=\"g-recaptcha-class\" data-sitekey=\"6LeWInMcAAAAAFUU_VcFWscLCYT3dMVdVxKXygYo\" id=\"default_register\"><\/div>\n\n\t<\/div>\n\n\t<script>\n\n\t\tvar identifier = 'default_register';\n\n\t\tvar reCaptchaCallback = function() {\n\t\t\tif ( jQuery( '#' + identifier ).length ) {\n\t\t\t\ttry {\n\t\t\t\t\tvar widget_id = grecaptcha.render( identifier, { 'sitekey' : wpj_vars.reCaptcha_api_key, 'callback' : 'var_' + identifier + '_callback', 'hl' : wpj_vars.language_code } );\n\t\t\t\t\tjQuery( '#' + identifier ).attr( 'data-widget-id', widget_id );\n\n\t\t\t\t} catch ( error ) {}\n\t\t\t}\n\t\t};\n\n\t\twindow['var_' + identifier + '_callback'] = function( response ) {\n\t\t\tjQuery( '.g-recaptcha-class > div' ).removeClass( 'input error' );\n\t\t\tjQuery( '.ui.error.message.js-recaptcha-error' ).remove();\n\t\t\tjQuery( '#' + identifier + '_response' ).val( response );\n\t\t};\n\n\t<\/script>\n\n<!-- By creating an account, you agree to our Terms of Service and Privacy Policy. -->\n\n<!-- [] I have read and I agree with the Terms of Service and Privacy Policy. -->\n\n\t<div class=\"field tos_extra_field\">\n\n\t\t<div class=\"ui checkbox tos-checkbox\">\n\n\t\t\t<input type=\"checkbox\" value=\"1\" name=\"wpj_agree_tos_privacy\">\n\n\t\t\t<label class=\"tos\">\n\n\t\t\t\tI have read and I agree with the <a href=\"https:\/\/nyamga.com\/fr\/terms-of-service-3\/\" target=\"_blank\" class=\"underline\">Conditions d&#039;utilisation<\/a> et <a href=\"https:\/\/nyamga.com\/fr\/privacy-policy-2\/\" target=\"_blank\" class=\"underline\">Politique de confidentialit\u00e9<\/a>.\n\t\t\t<\/label>\n\n\t\t<\/div>\n\n\n\t<\/div>\n\n\n\n\n<div class=\"ui fluid input\"><input type=\"hidden\" name=\"redirect_to\" \/><\/div>\n\n\n<div class=\"ui fluid input\"><input type=\"submit\" name=\"wp-submit\" value=\"Continuer\" class=\"ui fluid primary button uppercase text-center js-authentication-button\" \/><\/div>\n<\/div><\/div>\n\n<\/div><\/div>\n\n<style>.wp-block-kadence-advancedheading.kt-adv-heading24851_73b2a7-10, .wp-block-kadence-advancedheading.kt-adv-heading24851_73b2a7-10[data-kb-block=\"kb-adv-heading24851_73b2a7-10\"]{padding-top:0px;padding-right:0px;padding-bottom:0px;padding-left:0px;margin-top:20px;margin-right:0px;margin-bottom:20px;margin-left:0px;text-align:center;font-style:normal;}.wp-block-kadence-advancedheading.kt-adv-heading24851_73b2a7-10 mark.kt-highlight, .wp-block-kadence-advancedheading.kt-adv-heading24851_73b2a7-10[data-kb-block=\"kb-adv-heading24851_73b2a7-10\"] mark.kt-highlight{font-style:normal;color:#f76a0c;-webkit-box-decoration-break:clone;box-decoration-break:clone;padding-top:0px;padding-right:0px;padding-bottom:0px;padding-left:0px;}.wp-block-kadence-advancedheading.kt-adv-heading24851_73b2a7-10 img.kb-inline-image, .wp-block-kadence-advancedheading.kt-adv-heading24851_73b2a7-10[data-kb-block=\"kb-adv-heading24851_73b2a7-10\"] img.kb-inline-image{width:150px;vertical-align:baseline;}<\/style>\n<div class=\"kt-adv-heading24851_73b2a7-10 wp-block-kadence-advancedheading\" data-kb-block=\"kb-adv-heading24851_73b2a7-10\">ou<\/div>\n\n\n\n<!--\n\twsl_render_auth_widget\n\tWordPress Social Login 3.0.8-wpj.\n\thttp:\/\/wordpress.org\/plugins\/wordpress-social-login\/\n-->\n\n<style type=\"text\/css\">\n.wp-social-login-connect-with{}.wp-social-login-provider-list{}.wp-social-login-provider-list a{}.wp-social-login-provider-list img{}.wsl_connect_with_provider{}<\/style>\n\n<div class=\"wp-social-login-widget\">\n\n\t<div class=\"wp-social-login-connect-with\">Connecter avec : <\/div>\n\n\t<div class=\"wp-social-login-provider-list\">\n<a\n\trel=\"nofollow\"\n\thref=\"javascript:void(0);\"\n\ttitle=\"Se connecter \u00e0 Facebook\"\n\tclass=\"wp-social-login-provider wp-social-login-provider-facebook\"\n\tdata-provider=\"Facebook\">\n\n\t\tSe connecter \u00e0 Facebook\n<\/a><a\n\trel=\"nofollow\"\n\thref=\"javascript:void(0);\"\n\ttitle=\"Se connecter \u00e0 Google\"\n\tclass=\"wp-social-login-provider wp-social-login-provider-google\"\n\tdata-provider=\"Google\">\n\n\t\tSe connecter \u00e0 Google\n<\/a>\n\t<\/div>\n\n\t<div class=\"wp-social-login-widget-clearing\"><\/div>\n\n<\/div>\n\n<input type=\"hidden\" id=\"wsl_popup_base_url\" value=\"https:\/\/nyamga.com\/wp-login.php?action=wordpress_social_authenticate&#038;mode=login&#038;\" \/>\n<input type=\"hidden\" id=\"wsl_login_form_uri\" value=\"https:\/\/nyamga.com\/wp-login.php\" \/>\n\n<!-- wsl_render_auth_widget -->\n\n\n\n\n<style>.wp-block-kadence-advancedheading.kt-adv-heading24851_b15925-ee, .wp-block-kadence-advancedheading.kt-adv-heading24851_b15925-ee[data-kb-block=\"kb-adv-heading24851_b15925-ee\"]{padding-top:0px;padding-right:0px;padding-bottom:0px;padding-left:0px;margin-top:30px;margin-right:0px;margin-bottom:0px;margin-left:0px;text-align:center;font-style:normal;}.wp-block-kadence-advancedheading.kt-adv-heading24851_b15925-ee mark.kt-highlight, .wp-block-kadence-advancedheading.kt-adv-heading24851_b15925-ee[data-kb-block=\"kb-adv-heading24851_b15925-ee\"] mark.kt-highlight{font-style:normal;color:#f76a0c;-webkit-box-decoration-break:clone;box-decoration-break:clone;padding-top:0px;padding-right:0px;padding-bottom:0px;padding-left:0px;}.wp-block-kadence-advancedheading.kt-adv-heading24851_b15925-ee img.kb-inline-image, .wp-block-kadence-advancedheading.kt-adv-heading24851_b15925-ee[data-kb-block=\"kb-adv-heading24851_b15925-ee\"] img.kb-inline-image{width:150px;vertical-align:baseline;}<\/style>\n<a href=\"https:\/\/nyamga.com\/fr\/authentication-login\/?redirect_to=https%3A%2F%2Fnyamga.com%2Ffr%2Fauthentication-register%2F\" class=\"kb-advanced-heading-link kt-adv-heading-link24851_b15925-ee login-link\"><div class=\"kt-adv-heading24851_b15925-ee wp-block-kadence-advancedheading\" data-kb-block=\"kb-adv-heading24851_b15925-ee\">D\u00e9ja inscrit(e)?<\/div><\/a>\n<\/div><\/div>\n\n<\/div><\/div>","protected":false},"excerpt":{"rendered":"<p>S'inscrire ou D\u00e9j\u00e0 inscrit ?<\/p>","protected":false},"author":1,"featured_media":0,"parent":0,"menu_order":0,"comment_status":"closed","ping_status":"closed","template":"","meta":{"_kad_blocks_custom_css":"","_kad_blocks_head_custom_js":"","_kad_blocks_body_custom_js":"","_kad_blocks_footer_custom_js":"","footnotes":"","_links_to":"","_links_to_target":""},"yst_prominent_words":[],"class_list":["post-24851","page","type-page","status-publish","hentry"],"taxonomy_info":[],"featured_image_src_large":false,"author_info":{"display_name":"my_helper","author_link":"https:\/\/nyamga.com\/fr\/author\/my_helper\/"},"comment_info":0,"_links":{"self":[{"href":"https:\/\/nyamga.com\/fr\/wp-json\/wp\/v2\/pages\/24851","targetHints":{"allow":["GET"]}}],"collection":[{"href":"https:\/\/nyamga.com\/fr\/wp-json\/wp\/v2\/pages"}],"about":[{"href":"https:\/\/nyamga.com\/fr\/wp-json\/wp\/v2\/types\/page"}],"author":[{"embeddable":true,"href":"https:\/\/nyamga.com\/fr\/wp-json\/wp\/v2\/users\/1"}],"replies":[{"embeddable":true,"href":"https:\/\/nyamga.com\/fr\/wp-json\/wp\/v2\/comments?post=24851"}],"version-history":[{"count":0,"href":"https:\/\/nyamga.com\/fr\/wp-json\/wp\/v2\/pages\/24851\/revisions"}],"wp:attachment":[{"href":"https:\/\/nyamga.com\/fr\/wp-json\/wp\/v2\/media?parent=24851"}],"wp:term":[{"taxonomy":"yst_prominent_words","embeddable":true,"href":"https:\/\/nyamga.com\/fr\/wp-json\/wp\/v2\/yst_prominent_words?post=24851"}],"curies":[{"name":"wp","href":"https:\/\/api.w.org\/{rel}","templated":true}]}}